{"id":88,"date":"2016-07-14T08:37:56","date_gmt":"2016-07-14T06:37:56","guid":{"rendered":"https:\/\/radcaprawny.pro\/?post_type=rangeofservice&#038;p=88"},"modified":"2026-01-06T17:12:57","modified_gmt":"2026-01-06T16:12:57","slug":"obrot-gospodarczy-i-uslugi-dla-przedsiebiorcow","status":"publish","type":"page","link":"https:\/\/radcaprawny.pro\/en\/zakres-uslug\/obrot-gospodarczy-i-uslugi-dla-przedsiebiorcow\/","title":{"rendered":"Companies and enterpreneurs services"},"content":{"rendered":"<p>Our leading activity is providing legal assistance for business entities. Depending on the expectations of our clients we provide legal assistance in individual cases or in the form of comprehensive and constant legal assistance.<\/p>\n<p>The Team of our lawyers is specialized within drafting contracts, creating legal opinions, participating in negotiations. Morover we represent our Clients in courts and public administration authorities<\/p>\n<p>We pay special attention to the client&#8217;s business goals, ensuring that their implementation is within the law.<br \/>\nThe offer of permanent legal services is always tailored to the expectations and profile of the Client&#8217;s business. For this reason we are flexible and open to dialogue leading to the optimization of our mutual cooperation. Our lawyers provide services both at the client&#8217;s premises and at the office \u2013 based on Client\u2019s choice.<\/p>\n<p>Concerning our experience in the field of legal services provided for entrepreneurs we are able to cope withi the most demanding requirements.<br \/>\nFor more details contact us by e-mail or telephone.<\/p>\n<p><strong>Administrative Law:<\/strong><\/p>\n<p>Our lawyers have a vast experience in polish administrative law, which is the most broad and diverse branch of polish law. It regulates legal relationships, between an individual and the governmental authorities (state or local).<\/p>\n<p>Due to the years of practice in litigation and administrative proceedings and expertise in administrative procedures our lawyers are able to successfully represent clients before the organs of public administration in the following areas:<\/p>\n<p>&#8211; Construction law<br \/>\n&#8211; Food law<br \/>\n&#8211; Public procurement law<br \/>\n&#8211; Spatial development law<br \/>\n&#8211; Property management law<br \/>\n&#8211; Environmental law<br \/>\n&#8211; Our exemplary range of services:<br \/>\n&#8211; Legal opinions in the area of substantive administrative law<br \/>\n&#8211; administrative proceedings<br \/>\n&#8211; administrative court proceedings (before voivodeship administrative courts and the Supreme Administrative Court)<br \/>\n&#8211; submitting remedies (complaints, appeals, grievances, requests to resume proceedings, annulment)<\/p>","protected":false},"excerpt":{"rendered":"<p>Our leading activity is providing legal assistance for business entities. Depending on the expectations of our clients we provide legal assistance in individual cases or in the form of comprehensive<\/p>\n","protected":false},"author":1,"featured_media":0,"parent":24,"menu_order":1,"comment_status":"closed","ping_status":"closed","template":"","meta":{"footnotes":""},"class_list":["post-88","page","type-page","status-publish","hentry"],"yoast_head":"<!-- This site is optimized with the Yoast SEO plugin v27.0 - https:\/\/yoast.com\/product\/yoast-seo-wordpress\/ -->\n<title>Companies and enterpreneurs services - Kancelaria Radc\u00f3w Prawnych GOC Lublin Al. Rac\u0142awickie 8\/23<\/title>\n<meta name=\"robots\" content=\"index, follow, max-snippet:-1, max-image-preview:large, max-video-preview:-1\" \/>\n<link rel=\"canonical\" href=\"https:\/\/radcaprawny.pro\/zakres-uslug\/obrot-gospodarczy-i-uslugi-dla-przedsiebiorcow\/\" \/>\n<meta property=\"og:locale\" content=\"en_US\" \/>\n<meta property=\"og:type\" content=\"article\" \/>\n<meta property=\"og:title\" content=\"Companies and enterpreneurs services - Kancelaria Radc\u00f3w Prawnych GOC Lublin Al. Rac\u0142awickie 8\/23\" \/>\n<meta property=\"og:description\" content=\"Our leading activity is providing legal assistance for business entities. Depending on the expectations of our clients we provide legal assistance in individual cases or in the form of comprehensive\" \/>\n<meta property=\"og:url\" content=\"https:\/\/radcaprawny.pro\/zakres-uslug\/obrot-gospodarczy-i-uslugi-dla-przedsiebiorcow\/\" \/>\n<meta property=\"og:site_name\" content=\"Kancelaria Radc\u00f3w Prawnych GOC Lublin Al. Rac\u0142awickie 8\/23\" \/>\n<meta property=\"article:modified_time\" content=\"2026-01-06T16:12:57+00:00\" \/>\n<meta name=\"twitter:card\" content=\"summary_large_image\" \/>\n<meta name=\"twitter:label1\" content=\"Est. reading time\" \/>\n\t<meta name=\"twitter:data1\" content=\"5 minutes\" \/>\n<script type=\"application\/ld+json\" class=\"yoast-schema-graph\">{\"@context\":\"https:\/\/schema.org\",\"@graph\":[{\"@type\":\"WebPage\",\"@id\":\"https:\/\/radcaprawny.pro\/zakres-uslug\/obrot-gospodarczy-i-uslugi-dla-przedsiebiorcow\/\",\"url\":\"https:\/\/radcaprawny.pro\/zakres-uslug\/obrot-gospodarczy-i-uslugi-dla-przedsiebiorcow\/\",\"name\":\"Companies and enterpreneurs services - Kancelaria Radc\u00f3w Prawnych GOC Lublin Al. Rac\u0142awickie 8\/23\",\"isPartOf\":{\"@id\":\"https:\/\/radcaprawny.pro\/#website\"},\"datePublished\":\"2016-07-14T06:37:56+00:00\",\"dateModified\":\"2026-01-06T16:12:57+00:00\",\"breadcrumb\":{\"@id\":\"https:\/\/radcaprawny.pro\/zakres-uslug\/obrot-gospodarczy-i-uslugi-dla-przedsiebiorcow\/#breadcrumb\"},\"inLanguage\":\"en-US\",\"potentialAction\":[{\"@type\":\"ReadAction\",\"target\":[\"https:\/\/radcaprawny.pro\/zakres-uslug\/obrot-gospodarczy-i-uslugi-dla-przedsiebiorcow\/\"]}]},{\"@type\":\"BreadcrumbList\",\"@id\":\"https:\/\/radcaprawny.pro\/zakres-uslug\/obrot-gospodarczy-i-uslugi-dla-przedsiebiorcow\/#breadcrumb\",\"itemListElement\":[{\"@type\":\"ListItem\",\"position\":1,\"name\":\"Strona g\u0142\u00f3wna\",\"item\":\"https:\/\/radcaprawny.pro\/\"},{\"@type\":\"ListItem\",\"position\":2,\"name\":\"Zakres us\u0142ug\",\"item\":\"https:\/\/radcaprawny.pro\/zakres-uslug\/\"},{\"@type\":\"ListItem\",\"position\":3,\"name\":\"Obr\u00f3t gospodarczy i us\u0142ugi dla przedsi\u0119biorc\u00f3w\"}]},{\"@type\":\"WebSite\",\"@id\":\"https:\/\/radcaprawny.pro\/#website\",\"url\":\"https:\/\/radcaprawny.pro\/\",\"name\":\"Kancelaria Radc\u00f3w Prawnych GOCKancelaria Radc\u00f3w Prawnych GOC Lublin Al. Rac\u0142awickie 8\/23\",\"description\":\"\",\"potentialAction\":[{\"@type\":\"SearchAction\",\"target\":{\"@type\":\"EntryPoint\",\"urlTemplate\":\"https:\/\/radcaprawny.pro\/?s={search_term_string}\"},\"query-input\":{\"@type\":\"PropertyValueSpecification\",\"valueRequired\":true,\"valueName\":\"search_term_string\"}}],\"inLanguage\":\"en-US\"}]}<\/script>\n<!-- \/ Yoast SEO plugin. -->","yoast_head_json":{"title":"Companies and enterpreneurs services - Kancelaria Radc\u00f3w Prawnych GOC Lublin Al. Rac\u0142awickie 8\/23","robots":{"index":"index","follow":"follow","max-snippet":"max-snippet:-1","max-image-preview":"max-image-preview:large","max-video-preview":"max-video-preview:-1"},"canonical":"https:\/\/radcaprawny.pro\/zakres-uslug\/obrot-gospodarczy-i-uslugi-dla-przedsiebiorcow\/","og_locale":"en_US","og_type":"article","og_title":"Companies and enterpreneurs services - Kancelaria Radc\u00f3w Prawnych GOC Lublin Al. Rac\u0142awickie 8\/23","og_description":"Our leading activity is providing legal assistance for business entities. Depending on the expectations of our clients we provide legal assistance in individual cases or in the form of comprehensive","og_url":"https:\/\/radcaprawny.pro\/zakres-uslug\/obrot-gospodarczy-i-uslugi-dla-przedsiebiorcow\/","og_site_name":"Kancelaria Radc\u00f3w Prawnych GOC Lublin Al. Rac\u0142awickie 8\/23","article_modified_time":"2026-01-06T16:12:57+00:00","twitter_card":"summary_large_image","twitter_misc":{"Est. reading time":"5 minutes"},"schema":{"@context":"https:\/\/schema.org","@graph":[{"@type":"WebPage","@id":"https:\/\/radcaprawny.pro\/zakres-uslug\/obrot-gospodarczy-i-uslugi-dla-przedsiebiorcow\/","url":"https:\/\/radcaprawny.pro\/zakres-uslug\/obrot-gospodarczy-i-uslugi-dla-przedsiebiorcow\/","name":"Companies and enterpreneurs services - Kancelaria Radc\u00f3w Prawnych GOC Lublin Al. Rac\u0142awickie 8\/23","isPartOf":{"@id":"https:\/\/radcaprawny.pro\/#website"},"datePublished":"2016-07-14T06:37:56+00:00","dateModified":"2026-01-06T16:12:57+00:00","breadcrumb":{"@id":"https:\/\/radcaprawny.pro\/zakres-uslug\/obrot-gospodarczy-i-uslugi-dla-przedsiebiorcow\/#breadcrumb"},"inLanguage":"en-US","potentialAction":[{"@type":"ReadAction","target":["https:\/\/radcaprawny.pro\/zakres-uslug\/obrot-gospodarczy-i-uslugi-dla-przedsiebiorcow\/"]}]},{"@type":"BreadcrumbList","@id":"https:\/\/radcaprawny.pro\/zakres-uslug\/obrot-gospodarczy-i-uslugi-dla-przedsiebiorcow\/#breadcrumb","itemListElement":[{"@type":"ListItem","position":1,"name":"Strona g\u0142\u00f3wna","item":"https:\/\/radcaprawny.pro\/"},{"@type":"ListItem","position":2,"name":"Zakres us\u0142ug","item":"https:\/\/radcaprawny.pro\/zakres-uslug\/"},{"@type":"ListItem","position":3,"name":"Obr\u00f3t gospodarczy i us\u0142ugi dla przedsi\u0119biorc\u00f3w"}]},{"@type":"WebSite","@id":"https:\/\/radcaprawny.pro\/#website","url":"https:\/\/radcaprawny.pro\/","name":"Kancelaria Radc\u00f3w Prawnych GOCKancelaria Radc\u00f3w Prawnych GOC Lublin Al. Rac\u0142awickie 8\/23","description":"","potentialAction":[{"@type":"SearchAction","target":{"@type":"EntryPoint","urlTemplate":"https:\/\/radcaprawny.pro\/?s={search_term_string}"},"query-input":{"@type":"PropertyValueSpecification","valueRequired":true,"valueName":"search_term_string"}}],"inLanguage":"en-US"}]}},"_links":{"self":[{"href":"https:\/\/radcaprawny.pro\/en\/wp-json\/wp\/v2\/pages\/88","targetHints":{"allow":["GET"]}}],"collection":[{"href":"https:\/\/radcaprawny.pro\/en\/wp-json\/wp\/v2\/pages"}],"about":[{"href":"https:\/\/radcaprawny.pro\/en\/wp-json\/wp\/v2\/types\/page"}],"author":[{"embeddable":true,"href":"https:\/\/radcaprawny.pro\/en\/wp-json\/wp\/v2\/users\/1"}],"replies":[{"embeddable":true,"href":"https:\/\/radcaprawny.pro\/en\/wp-json\/wp\/v2\/comments?post=88"}],"version-history":[{"count":6,"href":"https:\/\/radcaprawny.pro\/en\/wp-json\/wp\/v2\/pages\/88\/revisions"}],"predecessor-version":[{"id":700,"href":"https:\/\/radcaprawny.pro\/en\/wp-json\/wp\/v2\/pages\/88\/revisions\/700"}],"up":[{"embeddable":true,"href":"https:\/\/radcaprawny.pro\/en\/wp-json\/wp\/v2\/pages\/24"}],"wp:attachment":[{"href":"https:\/\/radcaprawny.pro\/en\/wp-json\/wp\/v2\/media?parent=88"}],"curies":[{"name":"wp","href":"https:\/\/api.w.org\/{rel}","templated":true}]}}