{"id":567,"date":"2022-10-18T09:24:53","date_gmt":"2022-10-18T07:24:53","guid":{"rendered":"https:\/\/radcaprawny.pro\/?page_id=567"},"modified":"2022-10-18T09:24:53","modified_gmt":"2022-10-18T07:24:53","slug":"zbigniew-okoniewski","status":"publish","type":"page","link":"https:\/\/radcaprawny.pro\/en\/kancelaria\/radcowie-prawni\/zbigniew-okoniewski\/","title":{"rendered":"(Polski) ZBIGNIEW OKONIEWSKI"},"content":{"rendered":"<p class=\"qtranxs-available-languages-message qtranxs-available-languages-message-en\">Sorry, this entry is only available in <a href=\"https:\/\/radcaprawny.pro\/pl\/wp-json\/wp\/v2\/pages\/567\" class=\"qtranxs-available-language-link qtranxs-available-language-link-pl\" title=\"Polski\">Polski<\/a>.<\/p>","protected":false},"excerpt":{"rendered":"<p>Sorry, this entry is only available in Polski.<\/p>\n","protected":false},"author":1,"featured_media":0,"parent":61,"menu_order":0,"comment_status":"closed","ping_status":"closed","template":"","meta":{"footnotes":""},"class_list":["post-567","page","type-page","status-publish","hentry"],"yoast_head":"<!-- This site is optimized with the Yoast SEO plugin v27.0 - https:\/\/yoast.com\/product\/yoast-seo-wordpress\/ -->\n<title>(Polski) ZBIGNIEW OKONIEWSKI - Kancelaria Radc\u00f3w Prawnych GOC Lublin Al. Rac\u0142awickie 8\/23<\/title>\n<meta name=\"robots\" content=\"index, follow, max-snippet:-1, max-image-preview:large, max-video-preview:-1\" \/>\n<link rel=\"canonical\" href=\"https:\/\/radcaprawny.pro\/kancelaria\/radcowie-prawni\/zbigniew-okoniewski\/\" \/>\n<meta property=\"og:locale\" content=\"en_US\" \/>\n<meta property=\"og:type\" content=\"article\" \/>\n<meta property=\"og:title\" content=\"(Polski) ZBIGNIEW OKONIEWSKI - Kancelaria Radc\u00f3w Prawnych GOC Lublin Al. Rac\u0142awickie 8\/23\" \/>\n<meta property=\"og:description\" content=\"Sorry, this entry is only available in Polski.\" \/>\n<meta property=\"og:url\" content=\"https:\/\/radcaprawny.pro\/kancelaria\/radcowie-prawni\/zbigniew-okoniewski\/\" \/>\n<meta property=\"og:site_name\" content=\"Kancelaria Radc\u00f3w Prawnych GOC Lublin Al. Rac\u0142awickie 8\/23\" \/>\n<meta name=\"twitter:card\" content=\"summary_large_image\" \/>\n<script type=\"application\/ld+json\" class=\"yoast-schema-graph\">{\"@context\":\"https:\/\/schema.org\",\"@graph\":[{\"@type\":\"WebPage\",\"@id\":\"https:\/\/radcaprawny.pro\/kancelaria\/radcowie-prawni\/zbigniew-okoniewski\/\",\"url\":\"https:\/\/radcaprawny.pro\/kancelaria\/radcowie-prawni\/zbigniew-okoniewski\/\",\"name\":\"(Polski) ZBIGNIEW OKONIEWSKI - Kancelaria Radc\u00f3w Prawnych GOC Lublin Al. Rac\u0142awickie 8\/23\",\"isPartOf\":{\"@id\":\"https:\/\/radcaprawny.pro\/#website\"},\"datePublished\":\"2022-10-18T07:24:53+00:00\",\"breadcrumb\":{\"@id\":\"https:\/\/radcaprawny.pro\/kancelaria\/radcowie-prawni\/zbigniew-okoniewski\/#breadcrumb\"},\"inLanguage\":\"en-US\",\"potentialAction\":[{\"@type\":\"ReadAction\",\"target\":[\"https:\/\/radcaprawny.pro\/kancelaria\/radcowie-prawni\/zbigniew-okoniewski\/\"]}]},{\"@type\":\"BreadcrumbList\",\"@id\":\"https:\/\/radcaprawny.pro\/kancelaria\/radcowie-prawni\/zbigniew-okoniewski\/#breadcrumb\",\"itemListElement\":[{\"@type\":\"ListItem\",\"position\":1,\"name\":\"Strona g\u0142\u00f3wna\",\"item\":\"https:\/\/radcaprawny.pro\/\"},{\"@type\":\"ListItem\",\"position\":2,\"name\":\"Kancelaria\",\"item\":\"https:\/\/radcaprawny.pro\/kancelaria\/\"},{\"@type\":\"ListItem\",\"position\":3,\"name\":\"Radcowie prawni\",\"item\":\"https:\/\/radcaprawny.pro\/kancelaria\/radcowie-prawni\/\"},{\"@type\":\"ListItem\",\"position\":4,\"name\":\"ZBIGNIEW OKONIEWSKI\"}]},{\"@type\":\"WebSite\",\"@id\":\"https:\/\/radcaprawny.pro\/#website\",\"url\":\"https:\/\/radcaprawny.pro\/\",\"name\":\"Kancelaria Radc\u00f3w Prawnych GOCKancelaria Radc\u00f3w Prawnych GOC Lublin Al. Rac\u0142awickie 8\/23\",\"description\":\"\",\"potentialAction\":[{\"@type\":\"SearchAction\",\"target\":{\"@type\":\"EntryPoint\",\"urlTemplate\":\"https:\/\/radcaprawny.pro\/?s={search_term_string}\"},\"query-input\":{\"@type\":\"PropertyValueSpecification\",\"valueRequired\":true,\"valueName\":\"search_term_string\"}}],\"inLanguage\":\"en-US\"}]}<\/script>\n<!-- \/ Yoast SEO plugin. -->","yoast_head_json":{"title":"(Polski) ZBIGNIEW OKONIEWSKI - Kancelaria Radc\u00f3w Prawnych GOC Lublin Al. Rac\u0142awickie 8\/23","robots":{"index":"index","follow":"follow","max-snippet":"max-snippet:-1","max-image-preview":"max-image-preview:large","max-video-preview":"max-video-preview:-1"},"canonical":"https:\/\/radcaprawny.pro\/kancelaria\/radcowie-prawni\/zbigniew-okoniewski\/","og_locale":"en_US","og_type":"article","og_title":"(Polski) ZBIGNIEW OKONIEWSKI - Kancelaria Radc\u00f3w Prawnych GOC Lublin Al. Rac\u0142awickie 8\/23","og_description":"Sorry, this entry is only available in Polski.","og_url":"https:\/\/radcaprawny.pro\/kancelaria\/radcowie-prawni\/zbigniew-okoniewski\/","og_site_name":"Kancelaria Radc\u00f3w Prawnych GOC Lublin Al. Rac\u0142awickie 8\/23","twitter_card":"summary_large_image","schema":{"@context":"https:\/\/schema.org","@graph":[{"@type":"WebPage","@id":"https:\/\/radcaprawny.pro\/kancelaria\/radcowie-prawni\/zbigniew-okoniewski\/","url":"https:\/\/radcaprawny.pro\/kancelaria\/radcowie-prawni\/zbigniew-okoniewski\/","name":"(Polski) ZBIGNIEW OKONIEWSKI - Kancelaria Radc\u00f3w Prawnych GOC Lublin Al. Rac\u0142awickie 8\/23","isPartOf":{"@id":"https:\/\/radcaprawny.pro\/#website"},"datePublished":"2022-10-18T07:24:53+00:00","breadcrumb":{"@id":"https:\/\/radcaprawny.pro\/kancelaria\/radcowie-prawni\/zbigniew-okoniewski\/#breadcrumb"},"inLanguage":"en-US","potentialAction":[{"@type":"ReadAction","target":["https:\/\/radcaprawny.pro\/kancelaria\/radcowie-prawni\/zbigniew-okoniewski\/"]}]},{"@type":"BreadcrumbList","@id":"https:\/\/radcaprawny.pro\/kancelaria\/radcowie-prawni\/zbigniew-okoniewski\/#breadcrumb","itemListElement":[{"@type":"ListItem","position":1,"name":"Strona g\u0142\u00f3wna","item":"https:\/\/radcaprawny.pro\/"},{"@type":"ListItem","position":2,"name":"Kancelaria","item":"https:\/\/radcaprawny.pro\/kancelaria\/"},{"@type":"ListItem","position":3,"name":"Radcowie prawni","item":"https:\/\/radcaprawny.pro\/kancelaria\/radcowie-prawni\/"},{"@type":"ListItem","position":4,"name":"ZBIGNIEW OKONIEWSKI"}]},{"@type":"WebSite","@id":"https:\/\/radcaprawny.pro\/#website","url":"https:\/\/radcaprawny.pro\/","name":"Kancelaria Radc\u00f3w Prawnych GOCKancelaria Radc\u00f3w Prawnych GOC Lublin Al. Rac\u0142awickie 8\/23","description":"","potentialAction":[{"@type":"SearchAction","target":{"@type":"EntryPoint","urlTemplate":"https:\/\/radcaprawny.pro\/?s={search_term_string}"},"query-input":{"@type":"PropertyValueSpecification","valueRequired":true,"valueName":"search_term_string"}}],"inLanguage":"en-US"}]}},"_links":{"self":[{"href":"https:\/\/radcaprawny.pro\/en\/wp-json\/wp\/v2\/pages\/567","targetHints":{"allow":["GET"]}}],"collection":[{"href":"https:\/\/radcaprawny.pro\/en\/wp-json\/wp\/v2\/pages"}],"about":[{"href":"https:\/\/radcaprawny.pro\/en\/wp-json\/wp\/v2\/types\/page"}],"author":[{"embeddable":true,"href":"https:\/\/radcaprawny.pro\/en\/wp-json\/wp\/v2\/users\/1"}],"replies":[{"embeddable":true,"href":"https:\/\/radcaprawny.pro\/en\/wp-json\/wp\/v2\/comments?post=567"}],"version-history":[{"count":1,"href":"https:\/\/radcaprawny.pro\/en\/wp-json\/wp\/v2\/pages\/567\/revisions"}],"predecessor-version":[{"id":568,"href":"https:\/\/radcaprawny.pro\/en\/wp-json\/wp\/v2\/pages\/567\/revisions\/568"}],"up":[{"embeddable":true,"href":"https:\/\/radcaprawny.pro\/en\/wp-json\/wp\/v2\/pages\/61"}],"wp:attachment":[{"href":"https:\/\/radcaprawny.pro\/en\/wp-json\/wp\/v2\/media?parent=567"}],"curies":[{"name":"wp","href":"https:\/\/api.w.org\/{rel}","templated":true}]}}